{"id":52,"date":"2020-12-01T14:30:05","date_gmt":"2020-12-01T14:30:05","guid":{"rendered":"https:\/\/brunicocultura.bz.it\/cms\/?page_id=52"},"modified":"2023-07-24T16:15:12","modified_gmt":"2023-07-24T16:15:12","slug":"cai","status":"publish","type":"page","link":"https:\/\/brunicocultura.bz.it\/?page_id=52","title":{"rendered":"CAI"},"content":{"rendered":"<p><img loading=\"lazy\" decoding=\"async\" class=\"size-thumbnail wp-image-892 alignnone\" src=\"https:\/\/brunicocultura.bz.it\/wp-content\/uploads\/2022\/03\/CAI_Nazionale-150x150.jpg\" alt=\"\" width=\"150\" height=\"150\" \/><\/p>\n<p>La sezione del\u00a0<strong>CAI di Brunico<\/strong>, fondata nel lontano 1924, \u00e8 oggi una delle 490 del Club Alpino Italiano sparse su tutto il territorio nazionale. Con oltre 400 iscritti \u00e8 oggi la principale associazione di lingua italiana della citt\u00e0. La sua attivit\u00e0 principale consiste nell\u2019organizzazione di gite escursionistiche e alpinistiche, soprattutto in ambito regionale, durante tutto l\u2019arco dell\u2018anno sia a piedi che in mountain-bike e, d\u2019inverno, con gli sci e le racchette da neve. Particolarmente apprezzati sono i trekking in Italia e all\u2019estero. Dal punto di vista organizzativo il direttivo \u00e8 affiancato da tre gruppi di lavoro: la commissione gite, il gruppo glaciologico ed il gruppo di alpinismo giovanile che organizza da anni con grande successo i corsi di avvicinamento alla montagna per ragazzi dagli 8 ai 18 anni, trasmettendo loro la conoscenza ed il rispetto dell\u2019ambiente e della montagna. Per quanto riguarda l\u2019attivit\u00e0 culturale il CAI di Brunico propone proiezioni di film di montagna e ambiente, incontri con prestigiosi alpinisti e concerti di cori di montagna. Dal 1998 pubblica inoltre il notiziario interno \u201cInfoCAI\u201d.<\/p>\n<p><em>Presidente:<\/em>\u00a0<strong>Mirco POMATI<\/strong><\/p>\n<p><em>Sede:<\/em>\u00a0<strong>Via Vecchia, 6 (Casa delle Associazioni c\/o Bocciodromo) &#8211; 39031 BRUNICO (BZ)<\/strong><\/p>\n<p>Orari CAI: la sede \u00e8 aperta dalle 18 alle 19.<\/p>\n<p><em>tel.:<\/em> +39 0474 555857\u00a0 \u00a0 \u00a0 \u00a0 \u00a0<em>e-mail:<\/em><span style=\"color: #0000ff;\">\u00a0<a class=\"mailto\" style=\"color: #0000ff;\" href=\"mailto:caibrunico@hotmail.com\">caibrunico@hotmail.com<\/a>\u00a0 \u00a0 \u00a0 \u00a0 \u00a0<\/span><em>PEC:<\/em>\u00a0<a href=\"mailto:brunico@pec.cai.it\"><span style=\"color: #0000ff;\">brunico@pec.cai.it<\/span><\/a><\/p>\n<p><span style=\"color: #0000ff;\"><a class=\"external-link no-image\" style=\"color: #0000ff;\" href=\"https:\/\/www.caibrunico.it\/\" target=\"_blank\" rel=\"nofollow noopener noreferrer\">www.caibrunico.it<\/a><\/span><\/p>\n<p><span style=\"color: #0000ff;\"><a class=\"external-link no-image\" style=\"color: #0000ff;\" href=\"https:\/\/www.facebook.com\/CAI-Brunico-104560066417244\" target=\"_blank\" rel=\"nofollow noopener noreferrer\">www.facebook.com\/CAI-Brunico<\/a><\/span><\/p>\n","protected":false},"excerpt":{"rendered":"<p>La sezione del\u00a0CAI di Brunico, fondata nel lontano 1924, \u00e8 oggi una delle 490 del Club Alpino Italiano sparse su<\/p>\n","protected":false},"author":1,"featured_media":0,"parent":0,"menu_order":0,"comment_status":"closed","ping_status":"closed","template":"page-templates\/page-builder.php","meta":{"colormag_page_container_layout":"default_layout","colormag_page_sidebar_layout":"default_layout","footnotes":""},"categories":[],"tags":[],"class_list":["post-52","page","type-page","status-publish","hentry"],"_links":{"self":[{"href":"https:\/\/brunicocultura.bz.it\/index.php?rest_route=\/wp\/v2\/pages\/52","targetHints":{"allow":["GET"]}}],"collection":[{"href":"https:\/\/brunicocultura.bz.it\/index.php?rest_route=\/wp\/v2\/pages"}],"about":[{"href":"https:\/\/brunicocultura.bz.it\/index.php?rest_route=\/wp\/v2\/types\/page"}],"author":[{"embeddable":true,"href":"https:\/\/brunicocultura.bz.it\/index.php?rest_route=\/wp\/v2\/users\/1"}],"replies":[{"embeddable":true,"href":"https:\/\/brunicocultura.bz.it\/index.php?rest_route=%2Fwp%2Fv2%2Fcomments&post=52"}],"version-history":[{"count":0,"href":"https:\/\/brunicocultura.bz.it\/index.php?rest_route=\/wp\/v2\/pages\/52\/revisions"}],"wp:attachment":[{"href":"https:\/\/brunicocultura.bz.it\/index.php?rest_route=%2Fwp%2Fv2%2Fmedia&parent=52"}],"wp:term":[{"taxonomy":"category","embeddable":true,"href":"https:\/\/brunicocultura.bz.it\/index.php?rest_route=%2Fwp%2Fv2%2Fcategories&post=52"},{"taxonomy":"post_tag","embeddable":true,"href":"https:\/\/brunicocultura.bz.it\/index.php?rest_route=%2Fwp%2Fv2%2Ftags&post=52"}],"curies":[{"name":"wp","href":"https:\/\/api.w.org\/{rel}","templated":true}]}}